{"id":141,"date":"2020-01-26T19:05:42","date_gmt":"2020-01-26T18:05:42","guid":{"rendered":"http:\/\/lux-mobilis.hr\/?page_id=141"},"modified":"2020-01-29T21:22:26","modified_gmt":"2020-01-29T20:22:26","slug":"administracija","status":"publish","type":"page","link":"https:\/\/lux-mobilis.hr\/?page_id=141","title":{"rendered":"Administracija i knjigovodstvo"},"content":{"rendered":"<p><strong>ADMINISTRACIJA<\/strong><\/p>\n<p>Iz vlastitog prostora pru\u017eamo usluge svim poduzetnicima kojima je potrebna pomo\u0107 u svakodnevnom poslovanju, \u017eele smanjiti fiksne tro\u0161kove poslovanja te ubrzati poslovne procese. Umjesto Vas obavljamo administrativne poslove koje Vi ne sti\u017eete, omogu\u0107avamo Vam da vrijeme utro\u0161ite na aktivnosti koje stvaraju novac i \u010dine Vas konkurentnima na tr\u017ei\u0161tu, te doprinosimo Va\u0161oj boljoj radnoj u\u010dinkovitosti.<\/p>\n<p>Umjesto Vas obavljati \u0107emo bilo koje od slijede\u0107ih poslova:<\/p>\n<p>\u2022 vo\u0111enje evidencije zaposlenika<br \/>\n\u2022 pisanje ra\u010duna<br \/>\n\u2022 telefonska i e-mail podr\u0161ka i odgovori na upite, prijem poziva i poruka te slanje bilje\u0161ki na e-mail ili mobitel<br \/>\n\u2022 vo\u0111enje putnih naloga i evidencije slu\u017ebenih vozila<br \/>\n\u2022 vo\u0111enje uplatnica i isplatnica za gotovinsku blagajnu, te pla\u0107anje ra\u010duna Internet bankarstvom<br \/>\n\u2022 prikupljanje dokumentacije i kontakt s knjigovo\u0111om<br \/>\n\u2022 izrada obrazaca za vo\u0111enje evidencija<br \/>\n\u2022 pomo\u0107 oko uvoza\/izvoza robe<br \/>\n\u2022 izrada financijskih izvje\u0161taja<br \/>\n\u2022 pisanje,\u00a0korektura, dorada i oblikovanje raznih slu\u017ebenih dopisa na hrvatskom i stranim jezicima<br \/>\n\u2022 pomo\u0107 oko organizacije putovanja, team buildinga, seminara ili sajmova<br \/>\n\u2022 savjetovanje oko poslovanja tvrtke<br \/>\n\u2022 savjetovanje u marketingu<br \/>\n\u2022 zamjena za godi\u0161nji odmor ili bolovanje<br \/>\n\u2022 naru\u010divanje uredskog materijala i sl.<\/p>\n<p>Kori\u0161tenjem na\u0161ih usluga smanjit \u0107ete fiksne tro\u0161kove poslovanja:<\/p>\n<p>\u2022 nemate tro\u0161kove zaposlenika (neto pla\u0107a, mirovinsko, zdravstveno osiguranje, prijevoz i sl)<br \/>\n\u2022 nije potrebna obuka niti uhodavanje jer imamo dugogodi\u0161nje radno iskustvo u vo\u0111enju poslovanja i administrativnim poslovima<br \/>\n\u2022 na\u0161e usluge mo\u017eete knjigovodstveno provesti kao tro\u0161ak poslovanja<br \/>\n\u2022 \u0161tedite Va\u0161e vrijeme (svi poslovi koje Vi ne sti\u017eete bit \u0107e rije\u0161eni u najkra\u0107em mogu\u0107em roku)<br \/>\nOvisno o opsegu i specifi\u010dnim potrebama poduzetnika u potpunosti se prilago\u0111avamo Va\u0161im zahtjevima i potrebama.<\/p>\n<p><strong>KNJIGOVODSTVO<\/strong><\/p>\n<p>Odgovorno, a\u017eurno i profesionalno vodimo brigu o Va\u0161em poslovanju. Za Vas obavljamo slijede\u0107e usluge:<\/p>\n<p>Ra\u010dunovodstvo:<\/p>\n<ul>\n<li>vo\u0111enje ulaznih i izlaznih ra\u010duna,<\/li>\n<li>vo\u0111enje glavne knjige,<\/li>\n<li>vo\u0111enje blagajne i svih pomo\u0107nih knjiga,<\/li>\n<li>obra\u010duni PDV-a,<\/li>\n<li>izrada OPZ-STAT obrasca,<\/li>\n<li>obra\u010dun amortizacije osnovnih sredstava,<\/li>\n<li>izrada primki i kalkulacija,<\/li>\n<li>vo\u0111enje materijalnog knjigovodstva,<\/li>\n<li>ispis Va\u0161ih ra\u010duna i slanje kupcima,<\/li>\n<li>usklade sa poreznom upravom,<\/li>\n<li>usklade sa kupcima i dobavlja\u010dima,<\/li>\n<li>zavr\u0161ni obra\u010dun.<\/li>\n<\/ul>\n<p>Obra\u010dun pla\u0107a:<\/p>\n<ul>\n<li>prijava i odjava radnika (e-mirovinsko),<\/li>\n<li>obra\u010dun radnih sati i mjese\u010dnih pla\u0107a,<\/li>\n<li>obra\u010dun autorskih honorara, naknada temeljem ugovora o djelu, studentskih ugovora, te drugih dohodaka,<\/li>\n<li>sastavljanje propisanih izvje\u0161taja,<\/li>\n<li>knji\u017eenje obra\u010duna pla\u0107a i drugih primitaka,<\/li>\n<li>porezne kartice radnika,<\/li>\n<li>ostale propisane porezne evidencije,<\/li>\n<li>pisanje ugovora o radu i otkazivanja ugovora o radu.<\/li>\n<\/ul>\n<p>Savjetovanje:<\/p>\n<ul>\n<li>poslovno i porezno savjetovanje i kontroling.<\/li>\n<\/ul>\n<p>&nbsp;<\/p>\n<p class=\"hide-if-no-js\"><a id=\"set-post-thumbnail\" class=\"thickbox\" href=\"https:\/\/lux-mobilis.hr\/wp-admin\/media-upload.php?post_id=141&amp;type=image&amp;TB_iframe=1\" aria-describedby=\"set-post-thumbnail-desc\"><img loading=\"lazy\" decoding=\"async\" class=\"attachment-266x266 size-266x266\" src=\"https:\/\/lux-mobilis.hr\/wp-content\/uploads\/2020\/01\/ashraf-ali-JLW-T4LiJCw-unsplash-400x400.jpg\" sizes=\"auto, (max-width: 266px) 100vw, 266px\" srcset=\"https:\/\/lux-mobilis.hr\/wp-content\/uploads\/2020\/01\/ashraf-ali-JLW-T4LiJCw-unsplash-400x400.jpg 400w, https:\/\/lux-mobilis.hr\/wp-content\/uploads\/2020\/01\/ashraf-ali-JLW-T4LiJCw-unsplash-150x150.jpg 150w, https:\/\/lux-mobilis.hr\/wp-content\/uploads\/2020\/01\/ashraf-ali-JLW-T4LiJCw-unsplash-100x100.jpg 100w\" alt=\"\" width=\"266\" height=\"266\" \/><\/a><\/p>\n<p>&nbsp;<\/p>\n","protected":false},"excerpt":{"rendered":"<p>ADMINISTRACIJA Iz vlastitog prostora pru\u017eamo usluge svim poduzetnicima kojima je potrebna pomo\u0107 u svakodnevnom poslovanju, \u017eele smanjiti fiksne tro\u0161kove poslovanja te ubrzati poslovne procese. Umjesto Vas obavljamo administrativne poslove koje Vi ne sti\u017eete, omogu\u0107avamo Vam da vrijeme utro\u0161ite na aktivnosti koje stvaraju novac i \u010dine Vas konkurentnima na tr\u017ei\u0161tu, te doprinosimo Va\u0161oj boljoj radnoj u\u010dinkovitosti.<\/p>\n<p><a href=\"https:\/\/lux-mobilis.hr\/?page_id=141\" class=\"more-link themebutton\">Read More<\/a><\/p>\n","protected":false},"author":1,"featured_media":184,"parent":0,"menu_order":0,"comment_status":"closed","ping_status":"closed","template":"","meta":{"footnotes":""},"class_list":["post-141","page","type-page","status-publish","has-post-thumbnail","hentry"],"_links":{"self":[{"href":"https:\/\/lux-mobilis.hr\/index.php?rest_route=\/wp\/v2\/pages\/141","targetHints":{"allow":["GET"]}}],"collection":[{"href":"https:\/\/lux-mobilis.hr\/index.php?rest_route=\/wp\/v2\/pages"}],"about":[{"href":"https:\/\/lux-mobilis.hr\/index.php?rest_route=\/wp\/v2\/types\/page"}],"author":[{"embeddable":true,"href":"https:\/\/lux-mobilis.hr\/index.php?rest_route=\/wp\/v2\/users\/1"}],"replies":[{"embeddable":true,"href":"https:\/\/lux-mobilis.hr\/index.php?rest_route=%2Fwp%2Fv2%2Fcomments&post=141"}],"version-history":[{"count":8,"href":"https:\/\/lux-mobilis.hr\/index.php?rest_route=\/wp\/v2\/pages\/141\/revisions"}],"predecessor-version":[{"id":212,"href":"https:\/\/lux-mobilis.hr\/index.php?rest_route=\/wp\/v2\/pages\/141\/revisions\/212"}],"wp:featuredmedia":[{"embeddable":true,"href":"https:\/\/lux-mobilis.hr\/index.php?rest_route=\/wp\/v2\/media\/184"}],"wp:attachment":[{"href":"https:\/\/lux-mobilis.hr\/index.php?rest_route=%2Fwp%2Fv2%2Fmedia&parent=141"}],"curies":[{"name":"wp","href":"https:\/\/api.w.org\/{rel}","templated":true}]}}