{"id":199,"date":"2020-01-29T20:26:17","date_gmt":"2020-01-29T19:26:17","guid":{"rendered":"http:\/\/lux-mobilis.hr\/?page_id=199"},"modified":"2020-01-29T21:14:59","modified_gmt":"2020-01-29T20:14:59","slug":"o-nama","status":"publish","type":"page","link":"https:\/\/lux-mobilis.hr\/?page_id=199","title":{"rendered":"O nama"},"content":{"rendered":"<p>Svjesni smo da je danas te\u0161ko prona\u0107i jednog zaposlenika koji \u0107e zadovoljiti sve potrebe Va\u0161eg poslovanja, pa smo upravo zbog toga donijeli odluku ujediniti svoja znanja i iskustvo i osnovali smo na\u0161u malu tvrtku koja na prvo mjesto stavlja Va\u0161e potrebe.<\/p>\n<p>Dovoljno smo mladi da nam napredne tehnologije nisu strane, ali i dovoljno iskusni da Vam svojim znanjem i vje\u0161tinama mo\u017eemo pove\u0107ati produktivnost uz minimalni tro\u0161ak te Vam omogu\u0107iti da se bavite onime \u0161to znate, volite i \u017eelite dok kompletnu brigu o Va\u0161em poslovanju preuzimamo na sebe.<\/p>\n<p>Pomo\u0107i \u0107emo Vam oko pokretanja poslovanja, napraviti poslovni plan, savjetovati o mogu\u0107nostima financiranja i kreirati vizualni identitet Va\u0161e tvrtke. Pratiti \u0107emo objave i izra\u0111ivati javna nadmetanja umjesto Vas, voditi brigu o Va\u0161im poslovnim knjigama i financijskom poslovanju.<\/p>\n<p>Javljati \u0107emo se na pozive i odgovarati na e-mailove, istra\u017eivati tr\u017ei\u0161te, slati i prikupljati ponude, pla\u0107ati i kreirati ra\u010dune.<\/p>\n<p>Prevoditi \u0107emo Va\u0161e tehni\u010dke dokumente, korespodenciju ili druge poslovne dokumente, registrirati proizvode i obavljati druge poslove kako biste nesmetano radili svoj posao.<\/p>\n<p>Biti \u0107emo Va\u0161 &#8220;all-in-one&#8221; partner iz vlastitog poslovnog prostora, pove\u0107ati Vam produktivnost preuzimaju\u0107i na sebe kompletnu administraciju i marketing, veseliti se s Vama svakom uspjehu i rje\u0161avati eventualni problem.<\/p>\n<p>Po\u0161aljjite nam poruku e-mailom i uskoro \u0107emo uz kavu poslu\u0161ati koje su Va\u0161e potrebe, te zajedno na\u0107i optimalno rje\u0161enje na obostrano zadovoljstvo.<\/p>\n<p><a id=\"set-post-thumbnail\" class=\"thickbox\" href=\"https:\/\/lux-mobilis.hr\/wp-admin\/media-upload.php?post_id=199&amp;type=image&amp;TB_iframe=1\" aria-describedby=\"set-post-thumbnail-desc\"><img loading=\"lazy\" decoding=\"async\" class=\"attachment-266x266 size-266x266\" src=\"https:\/\/lux-mobilis.hr\/wp-content\/uploads\/2020\/01\/simon-shim-zJe8K0YuA9A-unsplash-285x285.jpg\" sizes=\"auto, (max-width: 266px) 100vw, 266px\" srcset=\"https:\/\/lux-mobilis.hr\/wp-content\/uploads\/2020\/01\/simon-shim-zJe8K0YuA9A-unsplash-285x285.jpg 285w, https:\/\/lux-mobilis.hr\/wp-content\/uploads\/2020\/01\/simon-shim-zJe8K0YuA9A-unsplash-150x150.jpg 150w, https:\/\/lux-mobilis.hr\/wp-content\/uploads\/2020\/01\/simon-shim-zJe8K0YuA9A-unsplash-570x570.jpg 570w, https:\/\/lux-mobilis.hr\/wp-content\/uploads\/2020\/01\/simon-shim-zJe8K0YuA9A-unsplash-380x380.jpg 380w\" alt=\"\" width=\"266\" height=\"266\" \/><\/a><\/p>\n","protected":false},"excerpt":{"rendered":"<p>Svjesni smo da je danas te\u0161ko prona\u0107i jednog zaposlenika koji \u0107e zadovoljiti sve potrebe Va\u0161eg poslovanja, pa smo upravo zbog toga donijeli odluku ujediniti svoja znanja i iskustvo i osnovali smo na\u0161u malu tvrtku koja na prvo mjesto stavlja Va\u0161e potrebe. Dovoljno smo mladi da nam napredne tehnologije nisu strane, ali i dovoljno iskusni da<\/p>\n<p><a href=\"https:\/\/lux-mobilis.hr\/?page_id=199\" class=\"more-link themebutton\">Read More<\/a><\/p>\n","protected":false},"author":1,"featured_media":202,"parent":0,"menu_order":0,"comment_status":"closed","ping_status":"closed","template":"","meta":{"footnotes":""},"class_list":["post-199","page","type-page","status-publish","has-post-thumbnail","hentry"],"_links":{"self":[{"href":"https:\/\/lux-mobilis.hr\/index.php?rest_route=\/wp\/v2\/pages\/199","targetHints":{"allow":["GET"]}}],"collection":[{"href":"https:\/\/lux-mobilis.hr\/index.php?rest_route=\/wp\/v2\/pages"}],"about":[{"href":"https:\/\/lux-mobilis.hr\/index.php?rest_route=\/wp\/v2\/types\/page"}],"author":[{"embeddable":true,"href":"https:\/\/lux-mobilis.hr\/index.php?rest_route=\/wp\/v2\/users\/1"}],"replies":[{"embeddable":true,"href":"https:\/\/lux-mobilis.hr\/index.php?rest_route=%2Fwp%2Fv2%2Fcomments&post=199"}],"version-history":[{"count":3,"href":"https:\/\/lux-mobilis.hr\/index.php?rest_route=\/wp\/v2\/pages\/199\/revisions"}],"predecessor-version":[{"id":211,"href":"https:\/\/lux-mobilis.hr\/index.php?rest_route=\/wp\/v2\/pages\/199\/revisions\/211"}],"wp:featuredmedia":[{"embeddable":true,"href":"https:\/\/lux-mobilis.hr\/index.php?rest_route=\/wp\/v2\/media\/202"}],"wp:attachment":[{"href":"https:\/\/lux-mobilis.hr\/index.php?rest_route=%2Fwp%2Fv2%2Fmedia&parent=199"}],"curies":[{"name":"wp","href":"https:\/\/api.w.org\/{rel}","templated":true}]}}